{"id":2530,"date":"2024-07-19T16:50:51","date_gmt":"2024-07-19T21:50:51","guid":{"rendered":"https:\/\/rpsgrouprealestate.com\/?page_id=2530"},"modified":"2024-10-18T15:55:45","modified_gmt":"2024-10-18T20:55:45","slug":"negocios","status":"publish","type":"page","link":"https:\/\/rpsgrouprealestate.com\/eng\/negocios\/","title":{"rendered":"Business"},"content":{"rendered":"<div class=\"grve-section\" data-section-title=\"\" data-section-type=\"fullwidth-background\" data-image-type=\"none\" data-full-height=\"no\"  style=\"padding-top: 30px;padding-bottom: 50px;margin-bottom: 50px;\"><div class=\"grve-row grve-bookmark\"><div class=\"wpb_column grve-column grve-bookmark grve-column-1\"><h3 class=\"grve-element grve-align-center grve-title-no-line grve-h3\" style=\"\"><span>Selling Businesses is Our Business!<\/span><\/h3><\/div> <\/div><div class=\"grve-background-wrapper\"><\/div><\/div><div class=\"grve-section grve-feature-header\" data-section-title=\"\" data-section-type=\"fullwidth-element\" data-image-type=\"none\" data-full-height=\"no\"  style=\"background-color:#f5f5f5;margin-bottom: 0px;\"><div class=\"grve-row grve-bookmark\"><div class=\"wpb_column grve-column grve-bookmark grve-column-1-2 vc_custom_1416771145511 grve-tablet-column-1 grve-tablet-sm-column-1\"><div class=\"grve-element grve-image grve-animated-item grve-fadeIn grve-align-center\" style=\"\" data-delay=\"200\"><a href=\"http:\/\/osmosis.greatives.eu\/osmosis-interior\/an-dolor-honestatis\/\" target=\"_self\"><img loading=\"lazy\" decoding=\"async\" width=\"549\" height=\"366\" src=\"https:\/\/rpsgrouprealestate.com\/wp-content\/uploads\/2024\/07\/venta-negocios-e1726759982733.jpg\" class=\"attachment-full size-full\" alt=\"\" srcset=\"https:\/\/rpsgrouprealestate.com\/wp-content\/uploads\/2024\/07\/venta-negocios-e1726759982733.jpg 549w, https:\/\/rpsgrouprealestate.com\/wp-content\/uploads\/2024\/07\/venta-negocios-e1726759982733-300x200.jpg 300w, https:\/\/rpsgrouprealestate.com\/wp-content\/uploads\/2024\/07\/venta-negocios-e1726759982733-18x12.jpg 18w\" sizes=\"auto, (max-width: 549px) 100vw, 549px\" \/><\/a><\/div><\/div><div class=\"wpb_column grve-column grve-bookmark grve-column-1-2 vc_custom_1416771151488 grve-tablet-column-1 grve-tablet-sm-column-1\"><div class=\"grve-element grve-slogan grve-align-left grve-animated-item grve-fadeInRight\" style=\"\" data-delay=\"400\"><h2 class=\"grve-slogan-title grve-align-left grve-title-no-line\"><span>Sale a Business<\/span><\/h2>  <p class=\"\">We specialize in the sale of companies, offering complete advisory and brokerage services, always with strict confidentiality. If you are thinking of selling, contact us for a free and confidential consultation. For more information, please visit the \"Selling a Business\" section of our website, where you will also find a brief questionnaire for our initial consultation.<br \/>\n<strong>See here a complete guide <a href=\"https:\/\/rpsgrouprealestate.com\/wp-content\/uploads\/2024\/08\/Guia-compradores-eng.pdf\" target=\"\u201d_blank\u201d\" rel=\"noopener\">Here<\/a>.<\/strong><\/p><\/div><\/div> <\/div><div class=\"grve-background-wrapper\"><\/div><\/div><div class=\"grve-section\" data-section-title=\"\" data-section-type=\"fullwidth-element\" data-image-type=\"none\" data-full-height=\"no\"  style=\"margin-bottom: 0px;\"><div class=\"grve-row grve-bookmark\"><div class=\"wpb_column grve-column grve-bookmark grve-column-1-2 vc_custom_1416771173383 grve-tablet-column-1 grve-tablet-sm-column-1\"><div class=\"grve-element grve-slogan grve-align-left grve-animated-item grve-fadeInLeft\" style=\"\" data-delay=\"400\"><h2 class=\"grve-slogan-title grve-align-left grve-title-no-line\"><span>Business Consulting<\/span><\/h2>  <p class=\"\">Are you looking to enter the U.S. market with your product? We know that international expansion can be a challenge, but with our experience and network of contacts, we are here to facilitate the process.<br \/>\nWe offer customized solutions that include:<br \/>\n- Commercial representation of your business in the U.S. market.<br \/>\n- Strategic consulting to facilitate your international expansion.<br \/>\n- Market entry strategies.<br \/>\n- Connection with key business partners.<br \/>\n- Compliance with regulations and legal requirements.<br \/>\n- Logistics and distribution optimization.<br \/>\nWe are here to help you grow your business efficiently and successfully in the United States. Contact us today for a meeting or call to discuss how we can support your expansion.<\/p><\/div><\/div><div class=\"wpb_column grve-column grve-bookmark grve-column-1-2 vc_custom_1416771180353 grve-tablet-column-1 grve-tablet-sm-column-1\"><div class=\"grve-element grve-image grve-animated-item grve-fadeIn grve-full-image grve-align-center\" style=\"\" data-delay=\"200\"><img loading=\"lazy\" decoding=\"async\" width=\"749\" height=\"498\" src=\"https:\/\/rpsgrouprealestate.com\/wp-content\/uploads\/2024\/07\/preparacion-venta-e1726760048946.jpg\" class=\"attachment-full size-full\" alt=\"\" srcset=\"https:\/\/rpsgrouprealestate.com\/wp-content\/uploads\/2024\/07\/preparacion-venta-e1726760048946.jpg 749w, https:\/\/rpsgrouprealestate.com\/wp-content\/uploads\/2024\/07\/preparacion-venta-e1726760048946-300x199.jpg 300w, https:\/\/rpsgrouprealestate.com\/wp-content\/uploads\/2024\/07\/preparacion-venta-e1726760048946-18x12.jpg 18w\" sizes=\"auto, (max-width: 749px) 100vw, 749px\" \/><\/div><\/div> <\/div><div class=\"grve-background-wrapper\"><\/div><\/div><div class=\"grve-section\" data-section-title=\"\" data-section-type=\"fullwidth-element\" data-image-type=\"none\" data-full-height=\"no\"  style=\"background-color:#f5f5f5;margin-bottom: 0px;\"><div class=\"grve-row grve-bookmark\"><div class=\"wpb_column grve-column grve-bookmark grve-column-1-2 vc_custom_1416771180353 grve-tablet-column-1 grve-tablet-sm-column-1\"><div class=\"grve-element grve-image grve-animated-item grve-fadeIn grve-align-center\" style=\"\" data-delay=\"200\"><img loading=\"lazy\" decoding=\"async\" width=\"1024\" height=\"581\" src=\"https:\/\/rpsgrouprealestate.com\/wp-content\/uploads\/2024\/07\/compra-empresas.jpg\" class=\"attachment-full size-full\" alt=\"\" srcset=\"https:\/\/rpsgrouprealestate.com\/wp-content\/uploads\/2024\/07\/compra-empresas.jpg 1024w, https:\/\/rpsgrouprealestate.com\/wp-content\/uploads\/2024\/07\/compra-empresas-300x170.jpg 300w, https:\/\/rpsgrouprealestate.com\/wp-content\/uploads\/2024\/07\/compra-empresas-768x436.jpg 768w\" sizes=\"auto, (max-width: 1024px) 100vw, 1024px\" \/><\/div><\/div><div class=\"wpb_column grve-column grve-bookmark grve-column-1-2 vc_custom_1416771173383 grve-tablet-column-1 grve-tablet-sm-column-1\"><div class=\"grve-element grve-slogan grve-align-left grve-animated-item grve-fadeInRight\" style=\"\" data-delay=\"400\"><h2 class=\"grve-slogan-title grve-align-left grve-title-no-line\"><span>Buy a Business<\/span><\/h2>  <p class=\"\">If you are considering buying a business, we offer free consultations and an excellent inventory of businesses for sale with all the information a serious buyer needs. Visit the \"Buy a Business\" section of our website for more articles and a questionnaire to help us find the best business for you including businesses that offer the possibility of an E-2 or EB-5 immigration visa.<br \/>\n<strong>See a complete guide here.. <a href=\"https:\/\/rpsgrouprealestate.com\/wp-content\/uploads\/2024\/08\/Guia-compradores-eng.pdf\" target=\"\u201d_blank\u201d\" rel=\"noopener\">Here<\/a>.<\/strong><\/p><\/div><\/div> <\/div><div class=\"grve-background-wrapper\"><\/div><\/div><div class=\"grve-section\" data-section-title=\"\" data-section-type=\"fullwidth-background\" data-image-type=\"none\" data-full-height=\"no\"  style=\"padding-top: 30px;\"><div class=\"grve-row grve-bookmark\"><div class=\"wpb_column grve-column grve-bookmark grve-column-1 vc_custom_1721593289277\"><h4 class=\"grve-element grve-align-center grve-title-no-line grve-h3\" style=\"\"><span>Look for a Business for Sale in USA<\/span><\/h4><div class=\"grve-element grve-align-center\"><a class=\"grve-btn grve-btn-medium grve-square grve-bg-primary-1\" href=\"https:\/\/bizmls.com\/listings\/bbf-1252007\/bus-all.asp\" target=\"_blank\" style=\"\"><span>Search<\/span><\/a><\/div><\/div> <\/div><div class=\"grve-background-wrapper\"><\/div><\/div><div class=\"grve-section\" data-section-title=\"\" data-section-type=\"fullwidth-background\" data-image-type=\"none\" data-full-height=\"no\"  style=\"padding-top: 70px;\"><div class=\"grve-row grve-bookmark\"><div class=\"wpb_column grve-column grve-bookmark grve-column-1\"><h3 class=\"grve-element grve-align-center grve-title-no-line grve-h3\" style=\"\"><span>Reviews<\/span><\/h3><\/div> <\/div><div class=\"grve-background-wrapper\"><\/div><\/div><div class=\"grve-section grve-flex-row grve-middle-content\" data-section-title=\"\" data-section-type=\"fullwidth-background\" data-image-type=\"none\" data-full-height=\"no\"  style=\"background-color:#ededed;color:#454545;padding-top: 100px;\"><div class=\"grve-row grve-bookmark\"><div class=\"wpb_column grve-column grve-bookmark grve-column-1 vc_custom_1712173817022\">\t\t\t<div class=\"grve-element grve-testimonial grve-carousel-element grve-align-center grve-subtitle\" style=\"\" data-slider-speed=\"7000\" data-pagination-speed=\"400\" data-slider-autoheight=\"yes\" data-navigation-type=\"2\" data-slider-pause=\"no\" data-slider-autoplay=\"yes\">\r\n\t\t\t\r\n\t\t\t\t\t\t<div class=\"grve-testimonial-element\">\r\n\t\t\t\t\t\t\t\t\t\t<blockquote>\n<h4><strong>Fluido y profesional<\/strong><\/h4>\n<p>Nos encant\u00f3 trabajar con MBB, el proceso completo desde el principio con la valoraci\u00f3n correcta hasta el cierre de nuestro negocio fue muy fluido y profesional. Un gran placer trabajar con vosotros, muy recomendable.<\/p><\/blockquote>\n<p style=\"text-align: center;\"><em>Tina y Samuel Cohen<\/em><\/p>\n\t\t\t\t\t\t\t\t\t<\/div>\r\n\t\t\t\t\t\t<div class=\"grve-testimonial-element\">\r\n\t\t\t\t\t\t\t\t\t\t<blockquote>\n<h4><strong>Excellent broker<\/strong><\/h4>\n<p>Mr. Juan Navia is a licensed Agent with Miami Business Brokers and he was an excellent Broker, always on time for our appointments and he was reliable in the information and knowledge of the areas we were interested in the acquisition of a Business.<\/p>\n<p style=\"text-align: center;\"><em>Camilo Romero<\/em><\/p>\n<\/blockquote>\n\t\t\t\t\t\t\t\t\t<\/div>\r\n\t\t\t\t\t\t<div class=\"grve-testimonial-element\">\r\n\t\t\t\t\t\t\t\t\t\t<blockquote>\n<h4><strong>Thank you for<\/strong><\/h4>\n<p>My wife and I had no idea of the incredible journey we were beginning when we decided to sell our Business and buy another in March 2016. Many decisions had to be made along the way, but the most important decision by far was our selection of Mr. Juan Navia to be our broker. And in the end, this \"letter of recommendation\" really should be called a \"letter of thanks\".<\/p>\n<p style=\"text-align: center;\">Leonor Carvalho<\/p>\n<\/blockquote>\n\t\t\t\t\t\t\t\t\t<\/div>\r\n\t\t\t\t\t\t\t\t\t<\/div>\r\n\r\n\t\t<\/div> <\/div><div class=\"grve-background-wrapper\"><\/div><\/div>","protected":false},"excerpt":{"rendered":"Agradecimiento Mi esposa y yo no ten\u00edamos idea del incre\u00edble viaje que est\u00e1bamos comenzando cuando decidimos vender nuestro Negocio y comprar otro en marzo de 2016. Muchas decisiones tuvieron que ser tomadas en el camino, pero la decisi\u00f3n m\u00e1s importante con diferencia fue nuestra selecci\u00f3n del Sr. Juan Navia para ser nuestro corredor. Y al [...]","protected":false},"author":1,"featured_media":0,"parent":0,"menu_order":0,"comment_status":"closed","ping_status":"closed","template":"","meta":{"_joinchat":[],"footnotes":""},"class_list":["post-2530","page","type-page","status-publish","hentry"],"yoast_head":"<!-- This site is optimized with the Yoast SEO plugin v26.1.1 - https:\/\/yoast.com\/wordpress\/plugins\/seo\/ -->\n<title>Negocios - RPS Group Real Estate<\/title>\n<meta name=\"description\" content=\"flipping, invertir en compra para renta, Invertir en construcci\u00f3n, invertir en Vacation Rentals, invierte con RPS group Real Estate\" \/>\n<meta name=\"robots\" content=\"noindex, follow, max-snippet:-1, max-image-preview:large, max-video-preview:-1\" \/>\n<meta property=\"og:locale\" content=\"en_US\" \/>\n<meta property=\"og:type\" content=\"article\" \/>\n<meta property=\"og:title\" content=\"Negocios - RPS Group Real Estate\" \/>\n<meta property=\"og:description\" content=\"flipping, invertir en compra para renta, Invertir en construcci\u00f3n, invertir en Vacation Rentals, invierte con RPS group Real Estate\" \/>\n<meta property=\"og:url\" content=\"https:\/\/rpsgrouprealestate.com\/eng\/negocios\/\" \/>\n<meta property=\"og:site_name\" content=\"RPS Group Real Estate\" \/>\n<meta property=\"article:publisher\" content=\"https:\/\/www.facebook.com\/rpsgroupllc\" \/>\n<meta property=\"article:modified_time\" content=\"2024-10-18T20:55:45+00:00\" \/>\n<meta name=\"twitter:card\" content=\"summary_large_image\" \/>\n<meta name=\"twitter:label1\" content=\"Est. reading time\" \/>\n\t<meta name=\"twitter:data1\" content=\"3 minutes\" \/>\n<script type=\"application\/ld+json\" class=\"yoast-schema-graph\">{\"@context\":\"https:\/\/schema.org\",\"@graph\":[{\"@type\":\"WebPage\",\"@id\":\"https:\/\/rpsgrouprealestate.com\/negocios\/\",\"url\":\"https:\/\/rpsgrouprealestate.com\/negocios\/\",\"name\":\"Negocios - RPS Group Real Estate\",\"isPartOf\":{\"@id\":\"https:\/\/rpsgrouprealestate.com\/#website\"},\"datePublished\":\"2024-07-19T21:50:51+00:00\",\"dateModified\":\"2024-10-18T20:55:45+00:00\",\"description\":\"flipping, invertir en compra para renta, Invertir en construcci\u00f3n, invertir en Vacation Rentals, invierte con RPS group Real Estate\",\"breadcrumb\":{\"@id\":\"https:\/\/rpsgrouprealestate.com\/negocios\/#breadcrumb\"},\"inLanguage\":\"en-US\",\"potentialAction\":[{\"@type\":\"ReadAction\",\"target\":[\"https:\/\/rpsgrouprealestate.com\/negocios\/\"]}]},{\"@type\":\"BreadcrumbList\",\"@id\":\"https:\/\/rpsgrouprealestate.com\/negocios\/#breadcrumb\",\"itemListElement\":[{\"@type\":\"ListItem\",\"position\":1,\"name\":\"Inicio\",\"item\":\"https:\/\/rpsgrouprealestate.com\/\"},{\"@type\":\"ListItem\",\"position\":2,\"name\":\"Negocios\"}]},{\"@type\":\"WebSite\",\"@id\":\"https:\/\/rpsgrouprealestate.com\/#website\",\"url\":\"https:\/\/rpsgrouprealestate.com\/\",\"name\":\"RPS Group Real Estate\",\"description\":\"\",\"publisher\":{\"@id\":\"https:\/\/rpsgrouprealestate.com\/#organization\"},\"potentialAction\":[{\"@type\":\"SearchAction\",\"target\":{\"@type\":\"EntryPoint\",\"urlTemplate\":\"https:\/\/rpsgrouprealestate.com\/?s={search_term_string}\"},\"query-input\":{\"@type\":\"PropertyValueSpecification\",\"valueRequired\":true,\"valueName\":\"search_term_string\"}}],\"inLanguage\":\"en-US\"},{\"@type\":\"Organization\",\"@id\":\"https:\/\/rpsgrouprealestate.com\/#organization\",\"name\":\"RPS Group Real Estate\",\"url\":\"https:\/\/rpsgrouprealestate.com\/\",\"logo\":{\"@type\":\"ImageObject\",\"inLanguage\":\"en-US\",\"@id\":\"https:\/\/rpsgrouprealestate.com\/#\/schema\/logo\/image\/\",\"url\":\"https:\/\/rpsgrouprealestate.com\/wp-content\/uploads\/2024\/03\/logo-RPS-120-1.png\",\"contentUrl\":\"https:\/\/rpsgrouprealestate.com\/wp-content\/uploads\/2024\/03\/logo-RPS-120-1.png\",\"width\":120,\"height\":142,\"caption\":\"RPS Group Real Estate\"},\"image\":{\"@id\":\"https:\/\/rpsgrouprealestate.com\/#\/schema\/logo\/image\/\"},\"sameAs\":[\"https:\/\/www.facebook.com\/rpsgroupllc\"]}]}<\/script>\n<!-- \/ Yoast SEO plugin. -->","yoast_head_json":{"title":"Negocios - RPS Group Real Estate","description":"flipping, invertir en compra para renta, Invertir en construcci\u00f3n, invertir en Vacation Rentals, invierte con RPS group Real Estate","robots":{"index":"noindex","follow":"follow","max-snippet":"max-snippet:-1","max-image-preview":"max-image-preview:large","max-video-preview":"max-video-preview:-1"},"og_locale":"en_US","og_type":"article","og_title":"Negocios - RPS Group Real Estate","og_description":"flipping, invertir en compra para renta, Invertir en construcci\u00f3n, invertir en Vacation Rentals, invierte con RPS group Real Estate","og_url":"https:\/\/rpsgrouprealestate.com\/eng\/negocios\/","og_site_name":"RPS Group Real Estate","article_publisher":"https:\/\/www.facebook.com\/rpsgroupllc","article_modified_time":"2024-10-18T20:55:45+00:00","twitter_card":"summary_large_image","twitter_misc":{"Est. reading time":"3 minutes"},"schema":{"@context":"https:\/\/schema.org","@graph":[{"@type":"WebPage","@id":"https:\/\/rpsgrouprealestate.com\/negocios\/","url":"https:\/\/rpsgrouprealestate.com\/negocios\/","name":"Negocios - RPS Group Real Estate","isPartOf":{"@id":"https:\/\/rpsgrouprealestate.com\/#website"},"datePublished":"2024-07-19T21:50:51+00:00","dateModified":"2024-10-18T20:55:45+00:00","description":"flipping, invertir en compra para renta, Invertir en construcci\u00f3n, invertir en Vacation Rentals, invierte con RPS group Real Estate","breadcrumb":{"@id":"https:\/\/rpsgrouprealestate.com\/negocios\/#breadcrumb"},"inLanguage":"en-US","potentialAction":[{"@type":"ReadAction","target":["https:\/\/rpsgrouprealestate.com\/negocios\/"]}]},{"@type":"BreadcrumbList","@id":"https:\/\/rpsgrouprealestate.com\/negocios\/#breadcrumb","itemListElement":[{"@type":"ListItem","position":1,"name":"Inicio","item":"https:\/\/rpsgrouprealestate.com\/"},{"@type":"ListItem","position":2,"name":"Negocios"}]},{"@type":"WebSite","@id":"https:\/\/rpsgrouprealestate.com\/#website","url":"https:\/\/rpsgrouprealestate.com\/","name":"RPS Group Real Estate","description":"","publisher":{"@id":"https:\/\/rpsgrouprealestate.com\/#organization"},"potentialAction":[{"@type":"SearchAction","target":{"@type":"EntryPoint","urlTemplate":"https:\/\/rpsgrouprealestate.com\/?s={search_term_string}"},"query-input":{"@type":"PropertyValueSpecification","valueRequired":true,"valueName":"search_term_string"}}],"inLanguage":"en-US"},{"@type":"Organization","@id":"https:\/\/rpsgrouprealestate.com\/#organization","name":"RPS Group Real Estate","url":"https:\/\/rpsgrouprealestate.com\/","logo":{"@type":"ImageObject","inLanguage":"en-US","@id":"https:\/\/rpsgrouprealestate.com\/#\/schema\/logo\/image\/","url":"https:\/\/rpsgrouprealestate.com\/wp-content\/uploads\/2024\/03\/logo-RPS-120-1.png","contentUrl":"https:\/\/rpsgrouprealestate.com\/wp-content\/uploads\/2024\/03\/logo-RPS-120-1.png","width":120,"height":142,"caption":"RPS Group Real Estate"},"image":{"@id":"https:\/\/rpsgrouprealestate.com\/#\/schema\/logo\/image\/"},"sameAs":["https:\/\/www.facebook.com\/rpsgroupllc"]}]}},"_links":{"self":[{"href":"https:\/\/rpsgrouprealestate.com\/eng\/wp-json\/wp\/v2\/pages\/2530","targetHints":{"allow":["GET"]}}],"collection":[{"href":"https:\/\/rpsgrouprealestate.com\/eng\/wp-json\/wp\/v2\/pages"}],"about":[{"href":"https:\/\/rpsgrouprealestate.com\/eng\/wp-json\/wp\/v2\/types\/page"}],"author":[{"embeddable":true,"href":"https:\/\/rpsgrouprealestate.com\/eng\/wp-json\/wp\/v2\/users\/1"}],"replies":[{"embeddable":true,"href":"https:\/\/rpsgrouprealestate.com\/eng\/wp-json\/wp\/v2\/comments?post=2530"}],"version-history":[{"count":43,"href":"https:\/\/rpsgrouprealestate.com\/eng\/wp-json\/wp\/v2\/pages\/2530\/revisions"}],"predecessor-version":[{"id":2727,"href":"https:\/\/rpsgrouprealestate.com\/eng\/wp-json\/wp\/v2\/pages\/2530\/revisions\/2727"}],"wp:attachment":[{"href":"https:\/\/rpsgrouprealestate.com\/eng\/wp-json\/wp\/v2\/media?parent=2530"}],"curies":[{"name":"wp","href":"https:\/\/api.w.org\/{rel}","templated":true}]}}