{"id":2187,"date":"2024-04-18T10:28:27","date_gmt":"2024-04-18T15:28:27","guid":{"rendered":"https:\/\/rpsgrouprealestate.com\/?page_id=2187"},"modified":"2024-04-19T10:17:42","modified_gmt":"2024-04-19T15:17:42","slug":"busqueda-de-propiedades","status":"publish","type":"page","link":"https:\/\/rpsgrouprealestate.com\/eng\/busqueda-de-propiedades\/","title":{"rendered":"Look for Properties"},"content":{"rendered":"<div class=\"grve-section\" data-section-title=\"\" data-section-type=\"fullwidth-background\" data-image-type=\"none\" data-full-height=\"no\"><div class=\"grve-row grve-bookmark\"><div class=\"wpb_column grve-column grve-bookmark grve-column-1\"><h3 class=\"grve-element grve-align-left grve-title-no-line grve-h3\" style=\"\"><span>Look for Properties<\/span><\/h3><div class=\"grve-element grve-text\"><h4 data-sourcepos=\"3:1-3:54\"><strong>Immediate access to your real estate needs<\/strong><\/h4>\n<ul>\n<li>By simply leaving us your basic information, we open the doors to a world of real estate possibilities. <strong>\u00a0Take advantage of immediate access to:<br \/>\n<\/strong><strong>Look for properties<\/strong>\u00a0Find your ideal new home with our intuitive search tool. Filter by location, price, features and more to find the perfect property for you.<\/li>\n<li data-sourcepos=\"8:1-8:137\"><strong>Mortgage Calculator<\/strong>\u00a0Get an accurate estimate of your monthly mortgage payment to plan your budget with confidence.<\/li>\n<li data-sourcepos=\"9:1-10:0\"><strong>Sale of your house<\/strong>\u00a0Sell your property quickly and efficiently with the help of our real estate experts.<\/li>\n<\/ul>\n<\/div><\/div> <\/div><div class=\"grve-background-wrapper\"><\/div><\/div><div class=\"grve-section\" data-section-title=\"\" data-section-type=\"fullwidth-background\" data-image-type=\"none\" data-full-height=\"no\"><div class=\"grve-row grve-bookmark\"><div class=\"wpb_column grve-column grve-bookmark grve-column-1-2\"><style id=\"wpforms-css-vars-2181\">\n\t\t\t\t#wpforms-2181 {\n\t\t\t\t\n\t\t\t}\n\t\t\t<\/style><div class=\"wpforms-container wpforms-container-full wpforms-render-modern\" id=\"wpforms-2181\"><form id=\"wpforms-form-2181\" class=\"wpforms-validate wpforms-form wpforms-ajax-form\" data-formid=\"2181\" method=\"post\" enctype=\"multipart\/form-data\" action=\"\/eng\/wp-json\/wp\/v2\/pages\/2187\" data-token=\"f7349a49880ff55a5744ec4d582c8f13\" data-token-time=\"1776498282\" data-trp-original-action=\"\/eng\/wp-json\/wp\/v2\/pages\/2187\"><noscript class=\"wpforms-error-noscript\">Please enable JavaScript in your browser to complete this form.<\/noscript><div id=\"wpforms-error-noscript\" style=\"display: none;\">Please enable JavaScript in your browser to complete this form.<\/div><div class=\"wpforms-field-container\"><div id=\"wpforms-2181-field_4-container\" class=\"wpforms-field wpforms-field-name\" data-field-id=\"4\"><label class=\"wpforms-field-label\" for=\"wpforms-2181-field_4\">Name <span class=\"wpforms-required-label\" aria-hidden=\"true\">*<\/span><\/label><input type=\"text\" id=\"wpforms-2181-field_4\" class=\"wpforms-field-medium wpforms-field-required\" name=\"wpforms[fields][4]\" placeholder=\"First and Last Name\" aria-errormessage=\"wpforms-2181-field_4-error\" required><\/div><div id=\"wpforms-2181-field_3-container\" class=\"wpforms-field wpforms-field-email\" data-field-id=\"3\"><input type=\"email\" id=\"wpforms-2181-field_3\" class=\"wpforms-field-medium wpforms-field-required\" name=\"wpforms[fields][3]\" placeholder=\"Email\" spellcheck=\"false\" aria-errormessage=\"wpforms-2181-field_3-error\" required><\/div><\/div><!-- .wpforms-field-container --><div class=\"wpforms-recaptcha-container wpforms-is-recaptcha wpforms-is-recaptcha-type-v2\" ><div class=\"g-recaptcha\" data-sitekey=\"6LeQ5bQpAAAAAL4hwEapGJF6dw4S_w8RVoOkHY2e\"><\/div><input type=\"text\" name=\"g-recaptcha-hidden\" class=\"wpforms-recaptcha-hidden\" style=\"position:absolute!important;clip:rect(0,0,0,0)!important;height:1px!important;width:1px!important;border:0!important;overflow:hidden!important;padding:0!important;margin:0!important;\" data-rule-recaptcha=\"1\"><\/div><div class=\"wpforms-submit-container\" ><input type=\"hidden\" name=\"wpforms[id]\" value=\"2181\"><input type=\"hidden\" name=\"page_title\" value=\"\"><input type=\"hidden\" name=\"page_url\" value=\"https:\/\/rpsgrouprealestate.com\/eng\/wp-json\/wp\/v2\/pages\/2187\"><input type=\"hidden\" name=\"url_referer\" value=\"\"><button type=\"submit\" name=\"wpforms[submit]\" id=\"wpforms-submit-2181\" class=\"wpforms-submit\" data-alt-text=\"Enviando...\" data-submit-text=\"BUSCAR PROPIEDADES\" aria-live=\"assertive\" value=\"wpforms-submit\">BUSCAR PROPIEDADES<\/button><img loading=\"lazy\" decoding=\"async\" src=\"https:\/\/rpsgrouprealestate.com\/wp-content\/plugins\/wpforms-lite\/assets\/images\/submit-spin.svg\" class=\"wpforms-submit-spinner\" style=\"display: none;\" width=\"26\" height=\"26\" alt=\"Loading\"><\/div><input type=\"hidden\" name=\"trp-form-language\" value=\"eng\"\/><\/form><\/div>  <!-- .wpforms-container --><\/div><div class=\"wpb_column grve-column grve-bookmark grve-column-1-2\"><div class=\"grve-element grve-image grve-align-center\" style=\"\"><img loading=\"lazy\" decoding=\"async\" width=\"1024\" height=\"580\" src=\"https:\/\/rpsgrouprealestate.com\/wp-content\/uploads\/2024\/04\/BUSCA1.jpg\" class=\"attachment-full size-full\" alt=\"\" srcset=\"https:\/\/rpsgrouprealestate.com\/wp-content\/uploads\/2024\/04\/BUSCA1.jpg 1024w, https:\/\/rpsgrouprealestate.com\/wp-content\/uploads\/2024\/04\/BUSCA1-300x170.jpg 300w, https:\/\/rpsgrouprealestate.com\/wp-content\/uploads\/2024\/04\/BUSCA1-768x435.jpg 768w\" sizes=\"auto, (max-width: 1024px) 100vw, 1024px\" \/><\/div><\/div> <\/div><div class=\"grve-background-wrapper\"><\/div><\/div><div class=\"grve-section\" data-section-title=\"\" data-section-type=\"fullwidth-background\" data-image-type=\"none\" data-full-height=\"no\"><div class=\"grve-row grve-bookmark\"><div class=\"wpb_column grve-column grve-bookmark grve-column-1\"><h3 class=\"grve-element grve-align-left grve-title-no-line grve-h3\" style=\"\"><span>Mortgage Calculator<\/span><\/h3><\/div> <\/div><div class=\"grve-background-wrapper\"><\/div><\/div><div class=\"grve-section\" data-section-title=\"\" data-section-type=\"fullwidth-background\" data-image-type=\"none\" data-full-height=\"no\"><div class=\"grve-row grve-bookmark\"><div class=\"wpb_column grve-column grve-bookmark grve-column-1-2\"><div class=\"grve-element grve-image grve-align-center\" style=\"\"><img loading=\"lazy\" decoding=\"async\" width=\"1024\" height=\"580\" src=\"https:\/\/rpsgrouprealestate.com\/wp-content\/uploads\/2024\/04\/BUSCA2.jpg\" class=\"attachment-full size-full\" alt=\"\" srcset=\"https:\/\/rpsgrouprealestate.com\/wp-content\/uploads\/2024\/04\/BUSCA2.jpg 1024w, https:\/\/rpsgrouprealestate.com\/wp-content\/uploads\/2024\/04\/BUSCA2-300x170.jpg 300w, https:\/\/rpsgrouprealestate.com\/wp-content\/uploads\/2024\/04\/BUSCA2-768x435.jpg 768w\" sizes=\"auto, (max-width: 1024px) 100vw, 1024px\" \/><\/div><\/div><div class=\"wpb_column grve-column grve-bookmark grve-column-1-2\"><style id=\"wpforms-css-vars-2205\">\n\t\t\t\t#wpforms-2205 {\n\t\t\t\t\n\t\t\t}\n\t\t\t<\/style><div class=\"wpforms-container wpforms-container-full wpforms-render-modern\" id=\"wpforms-2205\"><form id=\"wpforms-form-2205\" class=\"wpforms-validate wpforms-form wpforms-ajax-form\" data-formid=\"2205\" method=\"post\" enctype=\"multipart\/form-data\" action=\"\/eng\/wp-json\/wp\/v2\/pages\/2187\" data-token=\"782a807029379997bf8d554a6820cc63\" data-token-time=\"1776498282\" data-trp-original-action=\"\/eng\/wp-json\/wp\/v2\/pages\/2187\"><noscript class=\"wpforms-error-noscript\">Please enable JavaScript in your browser to complete this form.<\/noscript><div id=\"wpforms-error-noscript\" style=\"display: none;\">Please enable JavaScript in your browser to complete this form.<\/div><div class=\"wpforms-field-container\"><div id=\"wpforms-2205-field_4-container\" class=\"wpforms-field wpforms-field-name\" data-field-id=\"4\"><label class=\"wpforms-field-label\" for=\"wpforms-2205-field_4\">Name <span class=\"wpforms-required-label\" aria-hidden=\"true\">*<\/span><\/label><input type=\"text\" id=\"wpforms-2205-field_4\" class=\"wpforms-field-medium wpforms-field-required\" name=\"wpforms[fields][4]\" placeholder=\"First and Last Name\" aria-errormessage=\"wpforms-2205-field_4-error\" required><\/div><div id=\"wpforms-2205-field_3-container\" class=\"wpforms-field wpforms-field-email\" data-field-id=\"3\"><input type=\"email\" id=\"wpforms-2205-field_3\" class=\"wpforms-field-medium wpforms-field-required\" name=\"wpforms[fields][3]\" placeholder=\"Email\" spellcheck=\"false\" aria-errormessage=\"wpforms-2205-field_3-error\" required><\/div><\/div><!-- .wpforms-field-container --><div class=\"wpforms-recaptcha-container wpforms-is-recaptcha wpforms-is-recaptcha-type-v2\" ><div class=\"g-recaptcha\" data-sitekey=\"6LeQ5bQpAAAAAL4hwEapGJF6dw4S_w8RVoOkHY2e\"><\/div><input type=\"text\" name=\"g-recaptcha-hidden\" class=\"wpforms-recaptcha-hidden\" style=\"position:absolute!important;clip:rect(0,0,0,0)!important;height:1px!important;width:1px!important;border:0!important;overflow:hidden!important;padding:0!important;margin:0!important;\" data-rule-recaptcha=\"1\"><\/div><div class=\"wpforms-submit-container\" ><input type=\"hidden\" name=\"wpforms[id]\" value=\"2205\"><input type=\"hidden\" name=\"page_title\" value=\"\"><input type=\"hidden\" name=\"page_url\" value=\"https:\/\/rpsgrouprealestate.com\/eng\/wp-json\/wp\/v2\/pages\/2187\"><input type=\"hidden\" name=\"url_referer\" value=\"\"><button type=\"submit\" name=\"wpforms[submit]\" id=\"wpforms-submit-2205\" class=\"wpforms-submit\" data-alt-text=\"Enviando...\" data-submit-text=\"IR A CALCULADORA\" aria-live=\"assertive\" value=\"wpforms-submit\">Go to Calculator<\/button><img loading=\"lazy\" decoding=\"async\" src=\"https:\/\/rpsgrouprealestate.com\/wp-content\/plugins\/wpforms-lite\/assets\/images\/submit-spin.svg\" class=\"wpforms-submit-spinner\" style=\"display: none;\" width=\"26\" height=\"26\" alt=\"Loading\"><\/div><input type=\"hidden\" name=\"trp-form-language\" value=\"eng\"\/><\/form><\/div>  <!-- .wpforms-container --><\/div> <\/div><div class=\"grve-background-wrapper\"><\/div><\/div><div class=\"grve-section\" data-section-title=\"\" data-section-type=\"fullwidth-background\" data-image-type=\"none\" data-full-height=\"no\"><div class=\"grve-row grve-bookmark\"><div class=\"wpb_column grve-column grve-bookmark grve-column-1\"><h3 class=\"grve-element grve-align-left grve-title-no-line grve-h3\" style=\"\"><span>Sell your house<\/span><\/h3><\/div> <\/div><div class=\"grve-background-wrapper\"><\/div><\/div><div class=\"grve-section\" data-section-title=\"\" data-section-type=\"fullwidth-background\" data-image-type=\"none\" data-full-height=\"no\"><div class=\"grve-row grve-bookmark\"><div class=\"wpb_column grve-column grve-bookmark grve-column-1-2\"><style id=\"wpforms-css-vars-2198\">\n\t\t\t\t#wpforms-2198 {\n\t\t\t\t\n\t\t\t}\n\t\t\t<\/style><div class=\"wpforms-container wpforms-container-full wpforms-render-modern\" id=\"wpforms-2198\"><form id=\"wpforms-form-2198\" class=\"wpforms-validate wpforms-form wpforms-ajax-form\" data-formid=\"2198\" method=\"post\" enctype=\"multipart\/form-data\" action=\"\/eng\/wp-json\/wp\/v2\/pages\/2187\" data-token=\"d8fe844d44f0606448f12a2a47edabe6\" data-token-time=\"1776498282\" data-trp-original-action=\"\/eng\/wp-json\/wp\/v2\/pages\/2187\"><noscript class=\"wpforms-error-noscript\">Please enable JavaScript in your browser to complete this form.<\/noscript><div id=\"wpforms-error-noscript\" style=\"display: none;\">Please enable JavaScript in your browser to complete this form.<\/div><div class=\"wpforms-field-container\"><div id=\"wpforms-2198-field_4-container\" class=\"wpforms-field wpforms-field-name\" data-field-id=\"4\"><label class=\"wpforms-field-label\" for=\"wpforms-2198-field_4\">Name <span class=\"wpforms-required-label\" aria-hidden=\"true\">*<\/span><\/label><input type=\"text\" id=\"wpforms-2198-field_4\" class=\"wpforms-field-medium wpforms-field-required\" name=\"wpforms[fields][4]\" placeholder=\"First and Last Name\" aria-errormessage=\"wpforms-2198-field_4-error\" required><\/div><div id=\"wpforms-2198-field_3-container\" class=\"wpforms-field wpforms-field-email\" data-field-id=\"3\"><input type=\"email\" id=\"wpforms-2198-field_3\" class=\"wpforms-field-medium wpforms-field-required\" name=\"wpforms[fields][3]\" placeholder=\"Email\" spellcheck=\"false\" aria-errormessage=\"wpforms-2198-field_3-error\" required><\/div><\/div><!-- .wpforms-field-container --><div class=\"wpforms-recaptcha-container wpforms-is-recaptcha wpforms-is-recaptcha-type-v2\" ><div class=\"g-recaptcha\" data-sitekey=\"6LeQ5bQpAAAAAL4hwEapGJF6dw4S_w8RVoOkHY2e\"><\/div><input type=\"text\" name=\"g-recaptcha-hidden\" class=\"wpforms-recaptcha-hidden\" style=\"position:absolute!important;clip:rect(0,0,0,0)!important;height:1px!important;width:1px!important;border:0!important;overflow:hidden!important;padding:0!important;margin:0!important;\" data-rule-recaptcha=\"1\"><\/div><div class=\"wpforms-submit-container\" ><input type=\"hidden\" name=\"wpforms[id]\" value=\"2198\"><input type=\"hidden\" name=\"page_title\" value=\"\"><input type=\"hidden\" name=\"page_url\" value=\"https:\/\/rpsgrouprealestate.com\/eng\/wp-json\/wp\/v2\/pages\/2187\"><input type=\"hidden\" name=\"url_referer\" value=\"\"><button type=\"submit\" name=\"wpforms[submit]\" id=\"wpforms-submit-2198\" class=\"wpforms-submit\" data-alt-text=\"Enviando...\" data-submit-text=\"IR A VENDE TU CASA\" aria-live=\"assertive\" value=\"wpforms-submit\">Go to sell your house<\/button><img loading=\"lazy\" decoding=\"async\" src=\"https:\/\/rpsgrouprealestate.com\/wp-content\/plugins\/wpforms-lite\/assets\/images\/submit-spin.svg\" class=\"wpforms-submit-spinner\" style=\"display: none;\" width=\"26\" height=\"26\" alt=\"Loading\"><\/div><input type=\"hidden\" name=\"trp-form-language\" value=\"eng\"\/><\/form><\/div>  <!-- .wpforms-container --><\/div><div class=\"wpb_column grve-column grve-bookmark grve-column-1-2\"><div class=\"grve-element grve-image grve-align-center\" style=\"\"><img loading=\"lazy\" decoding=\"async\" width=\"1024\" height=\"580\" src=\"https:\/\/rpsgrouprealestate.com\/wp-content\/uploads\/2024\/04\/BUSCA3.jpg\" class=\"attachment-full size-full\" alt=\"\" srcset=\"https:\/\/rpsgrouprealestate.com\/wp-content\/uploads\/2024\/04\/BUSCA3.jpg 1024w, https:\/\/rpsgrouprealestate.com\/wp-content\/uploads\/2024\/04\/BUSCA3-300x170.jpg 300w, https:\/\/rpsgrouprealestate.com\/wp-content\/uploads\/2024\/04\/BUSCA3-768x435.jpg 768w\" sizes=\"auto, (max-width: 1024px) 100vw, 1024px\" \/><\/div><\/div> <\/div><div class=\"grve-background-wrapper\"><\/div><\/div>","protected":false},"excerpt":{"rendered":"Busca PropiedadesAcceso inmediato a tus necesidades inmobiliarias Con solo dejarnos tus datos b\u00e1sicos, te abrimos las puertas a un mundo de posibilidades inmobiliarias. \u00a0aprovecha el acceso inmediato a: B\u00fasqueda de propiedades:\u00a0Encuentra tu nuevo hogar ideal con nuestra intuitiva herramienta de b\u00fasqueda. Filtra por ubicaci\u00f3n, precio, caracter\u00edsticas y m\u00e1s para encontrar la propiedad perfecta para ti. [...]","protected":false},"author":1,"featured_media":0,"parent":0,"menu_order":0,"comment_status":"closed","ping_status":"closed","template":"","meta":{"_joinchat":[],"footnotes":""},"class_list":["post-2187","page","type-page","status-publish","hentry"],"yoast_head":"<!-- This site is optimized with the Yoast SEO plugin v26.1.1 - https:\/\/yoast.com\/wordpress\/plugins\/seo\/ -->\n<title>B\u00fasqueda de propiedades - RPS Group Real Estate<\/title>\n<meta name=\"description\" content=\"Encuentra en RPS GROUP REAL ESTATE las mejores propiedades para comprar, vender, o renovar en la ciudad de Miami Estados Unidos\" \/>\n<meta name=\"robots\" content=\"noindex, follow, max-snippet:-1, max-image-preview:large, max-video-preview:-1\" \/>\n<meta property=\"og:locale\" content=\"en_US\" \/>\n<meta property=\"og:type\" content=\"article\" \/>\n<meta property=\"og:title\" content=\"B\u00fasqueda de propiedades - RPS Group Real Estate\" \/>\n<meta property=\"og:description\" content=\"Encuentra en RPS GROUP REAL ESTATE las mejores propiedades para comprar, vender, o renovar en la ciudad de Miami Estados Unidos\" \/>\n<meta property=\"og:url\" content=\"https:\/\/rpsgrouprealestate.com\/eng\/busqueda-de-propiedades\/\" \/>\n<meta property=\"og:site_name\" content=\"RPS Group Real Estate\" \/>\n<meta property=\"article:publisher\" content=\"https:\/\/www.facebook.com\/rpsgroupllc\" \/>\n<meta property=\"article:modified_time\" content=\"2024-04-19T15:17:42+00:00\" \/>\n<meta name=\"twitter:card\" content=\"summary_large_image\" \/>\n<meta name=\"twitter:label1\" content=\"Est. reading time\" \/>\n\t<meta name=\"twitter:data1\" content=\"2 minutes\" \/>\n<script type=\"application\/ld+json\" class=\"yoast-schema-graph\">{\"@context\":\"https:\/\/schema.org\",\"@graph\":[{\"@type\":\"WebPage\",\"@id\":\"https:\/\/rpsgrouprealestate.com\/busqueda-de-propiedades\/\",\"url\":\"https:\/\/rpsgrouprealestate.com\/busqueda-de-propiedades\/\",\"name\":\"B\u00fasqueda de propiedades - RPS Group Real Estate\",\"isPartOf\":{\"@id\":\"https:\/\/rpsgrouprealestate.com\/#website\"},\"datePublished\":\"2024-04-18T15:28:27+00:00\",\"dateModified\":\"2024-04-19T15:17:42+00:00\",\"description\":\"Encuentra en RPS GROUP REAL ESTATE las mejores propiedades para comprar, vender, o renovar en la ciudad de Miami Estados Unidos\",\"breadcrumb\":{\"@id\":\"https:\/\/rpsgrouprealestate.com\/busqueda-de-propiedades\/#breadcrumb\"},\"inLanguage\":\"en-US\",\"potentialAction\":[{\"@type\":\"ReadAction\",\"target\":[\"https:\/\/rpsgrouprealestate.com\/busqueda-de-propiedades\/\"]}]},{\"@type\":\"BreadcrumbList\",\"@id\":\"https:\/\/rpsgrouprealestate.com\/busqueda-de-propiedades\/#breadcrumb\",\"itemListElement\":[{\"@type\":\"ListItem\",\"position\":1,\"name\":\"Inicio\",\"item\":\"https:\/\/rpsgrouprealestate.com\/\"},{\"@type\":\"ListItem\",\"position\":2,\"name\":\"B\u00fasqueda de propiedades\"}]},{\"@type\":\"WebSite\",\"@id\":\"https:\/\/rpsgrouprealestate.com\/#website\",\"url\":\"https:\/\/rpsgrouprealestate.com\/\",\"name\":\"RPS Group Real Estate\",\"description\":\"\",\"publisher\":{\"@id\":\"https:\/\/rpsgrouprealestate.com\/#organization\"},\"potentialAction\":[{\"@type\":\"SearchAction\",\"target\":{\"@type\":\"EntryPoint\",\"urlTemplate\":\"https:\/\/rpsgrouprealestate.com\/?s={search_term_string}\"},\"query-input\":{\"@type\":\"PropertyValueSpecification\",\"valueRequired\":true,\"valueName\":\"search_term_string\"}}],\"inLanguage\":\"en-US\"},{\"@type\":\"Organization\",\"@id\":\"https:\/\/rpsgrouprealestate.com\/#organization\",\"name\":\"RPS Group Real Estate\",\"url\":\"https:\/\/rpsgrouprealestate.com\/\",\"logo\":{\"@type\":\"ImageObject\",\"inLanguage\":\"en-US\",\"@id\":\"https:\/\/rpsgrouprealestate.com\/#\/schema\/logo\/image\/\",\"url\":\"https:\/\/rpsgrouprealestate.com\/wp-content\/uploads\/2024\/03\/logo-RPS-120-1.png\",\"contentUrl\":\"https:\/\/rpsgrouprealestate.com\/wp-content\/uploads\/2024\/03\/logo-RPS-120-1.png\",\"width\":120,\"height\":142,\"caption\":\"RPS Group Real Estate\"},\"image\":{\"@id\":\"https:\/\/rpsgrouprealestate.com\/#\/schema\/logo\/image\/\"},\"sameAs\":[\"https:\/\/www.facebook.com\/rpsgroupllc\"]}]}<\/script>\n<!-- \/ Yoast SEO plugin. -->","yoast_head_json":{"title":"B\u00fasqueda de propiedades - RPS Group Real Estate","description":"Encuentra en RPS GROUP REAL ESTATE las mejores propiedades para comprar, vender, o renovar en la ciudad de Miami Estados Unidos","robots":{"index":"noindex","follow":"follow","max-snippet":"max-snippet:-1","max-image-preview":"max-image-preview:large","max-video-preview":"max-video-preview:-1"},"og_locale":"en_US","og_type":"article","og_title":"B\u00fasqueda de propiedades - RPS Group Real Estate","og_description":"Encuentra en RPS GROUP REAL ESTATE las mejores propiedades para comprar, vender, o renovar en la ciudad de Miami Estados Unidos","og_url":"https:\/\/rpsgrouprealestate.com\/eng\/busqueda-de-propiedades\/","og_site_name":"RPS Group Real Estate","article_publisher":"https:\/\/www.facebook.com\/rpsgroupllc","article_modified_time":"2024-04-19T15:17:42+00:00","twitter_card":"summary_large_image","twitter_misc":{"Est. reading time":"2 minutes"},"schema":{"@context":"https:\/\/schema.org","@graph":[{"@type":"WebPage","@id":"https:\/\/rpsgrouprealestate.com\/busqueda-de-propiedades\/","url":"https:\/\/rpsgrouprealestate.com\/busqueda-de-propiedades\/","name":"B\u00fasqueda de propiedades - RPS Group Real Estate","isPartOf":{"@id":"https:\/\/rpsgrouprealestate.com\/#website"},"datePublished":"2024-04-18T15:28:27+00:00","dateModified":"2024-04-19T15:17:42+00:00","description":"Encuentra en RPS GROUP REAL ESTATE las mejores propiedades para comprar, vender, o renovar en la ciudad de Miami Estados Unidos","breadcrumb":{"@id":"https:\/\/rpsgrouprealestate.com\/busqueda-de-propiedades\/#breadcrumb"},"inLanguage":"en-US","potentialAction":[{"@type":"ReadAction","target":["https:\/\/rpsgrouprealestate.com\/busqueda-de-propiedades\/"]}]},{"@type":"BreadcrumbList","@id":"https:\/\/rpsgrouprealestate.com\/busqueda-de-propiedades\/#breadcrumb","itemListElement":[{"@type":"ListItem","position":1,"name":"Inicio","item":"https:\/\/rpsgrouprealestate.com\/"},{"@type":"ListItem","position":2,"name":"B\u00fasqueda de propiedades"}]},{"@type":"WebSite","@id":"https:\/\/rpsgrouprealestate.com\/#website","url":"https:\/\/rpsgrouprealestate.com\/","name":"RPS Group Real Estate","description":"","publisher":{"@id":"https:\/\/rpsgrouprealestate.com\/#organization"},"potentialAction":[{"@type":"SearchAction","target":{"@type":"EntryPoint","urlTemplate":"https:\/\/rpsgrouprealestate.com\/?s={search_term_string}"},"query-input":{"@type":"PropertyValueSpecification","valueRequired":true,"valueName":"search_term_string"}}],"inLanguage":"en-US"},{"@type":"Organization","@id":"https:\/\/rpsgrouprealestate.com\/#organization","name":"RPS Group Real Estate","url":"https:\/\/rpsgrouprealestate.com\/","logo":{"@type":"ImageObject","inLanguage":"en-US","@id":"https:\/\/rpsgrouprealestate.com\/#\/schema\/logo\/image\/","url":"https:\/\/rpsgrouprealestate.com\/wp-content\/uploads\/2024\/03\/logo-RPS-120-1.png","contentUrl":"https:\/\/rpsgrouprealestate.com\/wp-content\/uploads\/2024\/03\/logo-RPS-120-1.png","width":120,"height":142,"caption":"RPS Group Real Estate"},"image":{"@id":"https:\/\/rpsgrouprealestate.com\/#\/schema\/logo\/image\/"},"sameAs":["https:\/\/www.facebook.com\/rpsgroupllc"]}]}},"_links":{"self":[{"href":"https:\/\/rpsgrouprealestate.com\/eng\/wp-json\/wp\/v2\/pages\/2187","targetHints":{"allow":["GET"]}}],"collection":[{"href":"https:\/\/rpsgrouprealestate.com\/eng\/wp-json\/wp\/v2\/pages"}],"about":[{"href":"https:\/\/rpsgrouprealestate.com\/eng\/wp-json\/wp\/v2\/types\/page"}],"author":[{"embeddable":true,"href":"https:\/\/rpsgrouprealestate.com\/eng\/wp-json\/wp\/v2\/users\/1"}],"replies":[{"embeddable":true,"href":"https:\/\/rpsgrouprealestate.com\/eng\/wp-json\/wp\/v2\/comments?post=2187"}],"version-history":[{"count":0,"href":"https:\/\/rpsgrouprealestate.com\/eng\/wp-json\/wp\/v2\/pages\/2187\/revisions"}],"wp:attachment":[{"href":"https:\/\/rpsgrouprealestate.com\/eng\/wp-json\/wp\/v2\/media?parent=2187"}],"curies":[{"name":"wp","href":"https:\/\/api.w.org\/{rel}","templated":true}]}}