{"id":2114,"date":"2024-04-08T12:15:52","date_gmt":"2024-04-08T17:15:52","guid":{"rendered":"https:\/\/rpsgrouprealestate.com\/?page_id=2114"},"modified":"2024-04-08T12:36:26","modified_gmt":"2024-04-08T17:36:26","slug":"terminos-y-condiciones-de-uso-y-politicas-de-privacidad","status":"publish","type":"page","link":"https:\/\/rpsgrouprealestate.com\/eng\/terminos-y-condiciones-de-uso-y-politicas-de-privacidad\/","title":{"rendered":"Terms and Conditions of Use and Privacy Policy"},"content":{"rendered":"<p class=\"p1\">Respetado cliente, trabajador, lead o cliente potencial, proveedor y\/o visitante, para nuestra compa\u00f1\u00eda RPS Group, es primordial garantizar la protecci\u00f3n de sus derechos de Habeas Data, intimidad, privacidad, autonom\u00eda, buen nombre e imagen. Por esta raz\u00f3n, todas las actuaciones y comunicaciones que llevemos a cabo de caracter comercial o laboral, sean estas de tipo transitorio o permanentes, estar\u00e1n regidas por los principios de buena fe, transparencia, legalidad, libertad y autoderminaci\u00f3n informativa, y en la cual seamos responsables o encargados del tratamiento de sus datos personales suministrados mediante los formularios de contacto de nuestra p\u00e1gina web o en el chat de nuestra p\u00e1gina web, correos electr\u00f3nicos, llamadas telef\u00f3nicas, videoconferencias, contratos y documentos, as\u00ed como por nuestras campa\u00f1as de marketing digital en plataformas digitales\u00a0de publicidad paga y no paga como Google Ads, Facebook, LinkedIn, Instagram, email marketing, Whatsapp, Twitter, Snapchat, Waze, entre otras, en los que utilicemos formularios de registro de sus datos personales, y\/o en el formulario de cont\u00e1ctenos de nuestra p\u00e1gina web de la URL https:\/\/rpsgrouprealestae.com\/contacto usted tendr\u00e1 derecho a conocer, autorizar, actualizar en el momento que considere pertinente, corregir en caso de presentar inconsistencias y revocar en caso de no querer dar continuidad a su autorizaci\u00f3n de tratamiento de datos personales.<\/p>\n<p class=\"p1\">El tratamiento de sus datos personales lo realizaremos cumpliendo las directrices contempladas en la ley general de protecci\u00f3n de datos personales; Ley estatutaria 1581 del 17 de octubre de 2012, el decreto 1377 de 2013 de la misma ley y la circular 02 de la Superintendencia de Industria y Comercio y de cualquier otra norma que en adelante reglamente, modifique o suprima lo contemplado en sus disposiciones.<\/p>\n<p class=\"p1\">Nuestra pol\u00edtica de tratamiento de datos personales est\u00e1 orientada a informar a los titulares sobre las pol\u00edticas aplicables a sus datos personales y el uso y la forma en la que podr\u00e1<br \/>\nacceder y en la que ser\u00e1n tratados como mecanismo de protecci\u00f3n de sus derechos de Habeas Data, estableciendo el procedimiento que estos deben seguir si desean conocer,actualizar, rectificar o suprimir sus datos que se encuentren en nuestras bases de datos y archivos.<\/p>\n<h4 class=\"p1\"><b><br \/>\nDEFINICI\u00d3N DE T\u00c9RMINOS<\/b><\/h4>\n<p class=\"p1\">Para interpretar y aplicar este documento, se tendr\u00e1n en cuenta las definiciones establecidas por la Ley 1581 de 2012 y sus decretos reglamentarios. Para aquello que no repose en el marco de dicha regulaci\u00f3n, se aplicar\u00e1n las definiciones que establezca el diccionario de la Real Academia Espa\u00f1ola, y por \u00faltimo, las que establezcan fuentes de informaci\u00f3n de entidades formales como universidades, institutos cient\u00edficos o tecnol\u00f3gicos avalados por el Ministerio de Educaci\u00f3n, entre otros.<\/p>\n<p class=\"p1\">Si desea ampliar informaci\u00f3n sobre nuestros t\u00e9rminos y pol\u00edticas de privacidad por favor descargue el PDF <a href=\"https:\/\/rpsgrouprealestate.com\/wp-content\/uploads\/2024\/04\/Politicas-Procedimeintos-para-Tratamiento-datos-rps-group.pdf\" target=\"_blank\" rel=\"noopener\">Here<\/a>.<\/p>","protected":false},"excerpt":{"rendered":"<p>Respetado cliente, trabajador, lead o cliente potencial, proveedor y\/o visitante, para nuestra compa\u00f1\u00eda RPS Group, es primordial garantizar la protecci\u00f3n de sus derechos de Habeas Data, intimidad, privacidad, autonom\u00eda, buen nombre e imagen. Por esta raz\u00f3n, todas las actuaciones y comunicaciones que llevemos a cabo de caracter comercial o laboral, sean estas de tipo transitorio [&hellip;]<\/p>","protected":false},"author":1,"featured_media":0,"parent":0,"menu_order":0,"comment_status":"closed","ping_status":"closed","template":"","meta":{"_joinchat":[],"footnotes":""},"class_list":["post-2114","page","type-page","status-publish","hentry"],"yoast_head":"<!-- This site is optimized with the Yoast SEO plugin v26.1.1 - https:\/\/yoast.com\/wordpress\/plugins\/seo\/ -->\n<title>Te\u0301rminos y condiciones de uso, y Poli\u0301ticas de Privacidad - RPS Group Real Estate<\/title>\n<meta name=\"robots\" content=\"noindex, follow, max-snippet:-1, max-image-preview:large, max-video-preview:-1\" \/>\n<meta property=\"og:locale\" content=\"en_US\" \/>\n<meta property=\"og:type\" content=\"article\" \/>\n<meta property=\"og:title\" content=\"Te\u0301rminos y condiciones de uso, y Poli\u0301ticas de Privacidad - RPS Group Real Estate\" \/>\n<meta property=\"og:description\" content=\"Respetado cliente, trabajador, lead o cliente potencial, proveedor y\/o visitante, para nuestra compa\u00f1\u00eda RPS Group, es primordial garantizar la protecci\u00f3n de sus derechos de Habeas Data, intimidad, privacidad, autonom\u00eda, buen nombre e imagen. Por esta raz\u00f3n, todas las actuaciones y comunicaciones que llevemos a cabo de caracter comercial o laboral, sean estas de tipo transitorio [&hellip;]\" \/>\n<meta property=\"og:url\" content=\"https:\/\/rpsgrouprealestate.com\/eng\/terminos-y-condiciones-de-uso-y-politicas-de-privacidad\/\" \/>\n<meta property=\"og:site_name\" content=\"RPS Group Real Estate\" \/>\n<meta property=\"article:publisher\" content=\"https:\/\/www.facebook.com\/rpsgroupllc\" \/>\n<meta property=\"article:modified_time\" content=\"2024-04-08T17:36:26+00:00\" \/>\n<meta name=\"twitter:card\" content=\"summary_large_image\" \/>\n<meta name=\"twitter:label1\" content=\"Est. reading time\" \/>\n\t<meta name=\"twitter:data1\" content=\"2 minutes\" \/>\n<script type=\"application\/ld+json\" class=\"yoast-schema-graph\">{\"@context\":\"https:\/\/schema.org\",\"@graph\":[{\"@type\":\"WebPage\",\"@id\":\"https:\/\/rpsgrouprealestate.com\/terminos-y-condiciones-de-uso-y-politicas-de-privacidad\/\",\"url\":\"https:\/\/rpsgrouprealestate.com\/terminos-y-condiciones-de-uso-y-politicas-de-privacidad\/\",\"name\":\"Te\u0301rminos y condiciones de uso, y Poli\u0301ticas de Privacidad - RPS Group Real Estate\",\"isPartOf\":{\"@id\":\"https:\/\/rpsgrouprealestate.com\/#website\"},\"datePublished\":\"2024-04-08T17:15:52+00:00\",\"dateModified\":\"2024-04-08T17:36:26+00:00\",\"breadcrumb\":{\"@id\":\"https:\/\/rpsgrouprealestate.com\/terminos-y-condiciones-de-uso-y-politicas-de-privacidad\/#breadcrumb\"},\"inLanguage\":\"en-US\",\"potentialAction\":[{\"@type\":\"ReadAction\",\"target\":[\"https:\/\/rpsgrouprealestate.com\/terminos-y-condiciones-de-uso-y-politicas-de-privacidad\/\"]}]},{\"@type\":\"BreadcrumbList\",\"@id\":\"https:\/\/rpsgrouprealestate.com\/terminos-y-condiciones-de-uso-y-politicas-de-privacidad\/#breadcrumb\",\"itemListElement\":[{\"@type\":\"ListItem\",\"position\":1,\"name\":\"Inicio\",\"item\":\"https:\/\/rpsgrouprealestate.com\/\"},{\"@type\":\"ListItem\",\"position\":2,\"name\":\"Te\u0301rminos y condiciones de uso, y Poli\u0301ticas de Privacidad\"}]},{\"@type\":\"WebSite\",\"@id\":\"https:\/\/rpsgrouprealestate.com\/#website\",\"url\":\"https:\/\/rpsgrouprealestate.com\/\",\"name\":\"RPS Group Real Estate\",\"description\":\"\",\"publisher\":{\"@id\":\"https:\/\/rpsgrouprealestate.com\/#organization\"},\"potentialAction\":[{\"@type\":\"SearchAction\",\"target\":{\"@type\":\"EntryPoint\",\"urlTemplate\":\"https:\/\/rpsgrouprealestate.com\/?s={search_term_string}\"},\"query-input\":{\"@type\":\"PropertyValueSpecification\",\"valueRequired\":true,\"valueName\":\"search_term_string\"}}],\"inLanguage\":\"en-US\"},{\"@type\":\"Organization\",\"@id\":\"https:\/\/rpsgrouprealestate.com\/#organization\",\"name\":\"RPS Group Real Estate\",\"url\":\"https:\/\/rpsgrouprealestate.com\/\",\"logo\":{\"@type\":\"ImageObject\",\"inLanguage\":\"en-US\",\"@id\":\"https:\/\/rpsgrouprealestate.com\/#\/schema\/logo\/image\/\",\"url\":\"https:\/\/rpsgrouprealestate.com\/wp-content\/uploads\/2024\/03\/logo-RPS-120-1.png\",\"contentUrl\":\"https:\/\/rpsgrouprealestate.com\/wp-content\/uploads\/2024\/03\/logo-RPS-120-1.png\",\"width\":120,\"height\":142,\"caption\":\"RPS Group Real Estate\"},\"image\":{\"@id\":\"https:\/\/rpsgrouprealestate.com\/#\/schema\/logo\/image\/\"},\"sameAs\":[\"https:\/\/www.facebook.com\/rpsgroupllc\"]}]}<\/script>\n<!-- \/ Yoast SEO plugin. -->","yoast_head_json":{"title":"Te\u0301rminos y condiciones de uso, y Poli\u0301ticas de Privacidad - RPS Group Real Estate","robots":{"index":"noindex","follow":"follow","max-snippet":"max-snippet:-1","max-image-preview":"max-image-preview:large","max-video-preview":"max-video-preview:-1"},"og_locale":"en_US","og_type":"article","og_title":"Te\u0301rminos y condiciones de uso, y Poli\u0301ticas de Privacidad - RPS Group Real Estate","og_description":"Respetado cliente, trabajador, lead o cliente potencial, proveedor y\/o visitante, para nuestra compa\u00f1\u00eda RPS Group, es primordial garantizar la protecci\u00f3n de sus derechos de Habeas Data, intimidad, privacidad, autonom\u00eda, buen nombre e imagen. Por esta raz\u00f3n, todas las actuaciones y comunicaciones que llevemos a cabo de caracter comercial o laboral, sean estas de tipo transitorio [&hellip;]","og_url":"https:\/\/rpsgrouprealestate.com\/eng\/terminos-y-condiciones-de-uso-y-politicas-de-privacidad\/","og_site_name":"RPS Group Real Estate","article_publisher":"https:\/\/www.facebook.com\/rpsgroupllc","article_modified_time":"2024-04-08T17:36:26+00:00","twitter_card":"summary_large_image","twitter_misc":{"Est. reading time":"2 minutes"},"schema":{"@context":"https:\/\/schema.org","@graph":[{"@type":"WebPage","@id":"https:\/\/rpsgrouprealestate.com\/terminos-y-condiciones-de-uso-y-politicas-de-privacidad\/","url":"https:\/\/rpsgrouprealestate.com\/terminos-y-condiciones-de-uso-y-politicas-de-privacidad\/","name":"Te\u0301rminos y condiciones de uso, y Poli\u0301ticas de Privacidad - RPS Group Real Estate","isPartOf":{"@id":"https:\/\/rpsgrouprealestate.com\/#website"},"datePublished":"2024-04-08T17:15:52+00:00","dateModified":"2024-04-08T17:36:26+00:00","breadcrumb":{"@id":"https:\/\/rpsgrouprealestate.com\/terminos-y-condiciones-de-uso-y-politicas-de-privacidad\/#breadcrumb"},"inLanguage":"en-US","potentialAction":[{"@type":"ReadAction","target":["https:\/\/rpsgrouprealestate.com\/terminos-y-condiciones-de-uso-y-politicas-de-privacidad\/"]}]},{"@type":"BreadcrumbList","@id":"https:\/\/rpsgrouprealestate.com\/terminos-y-condiciones-de-uso-y-politicas-de-privacidad\/#breadcrumb","itemListElement":[{"@type":"ListItem","position":1,"name":"Inicio","item":"https:\/\/rpsgrouprealestate.com\/"},{"@type":"ListItem","position":2,"name":"Te\u0301rminos y condiciones de uso, y Poli\u0301ticas de Privacidad"}]},{"@type":"WebSite","@id":"https:\/\/rpsgrouprealestate.com\/#website","url":"https:\/\/rpsgrouprealestate.com\/","name":"RPS Group Real Estate","description":"","publisher":{"@id":"https:\/\/rpsgrouprealestate.com\/#organization"},"potentialAction":[{"@type":"SearchAction","target":{"@type":"EntryPoint","urlTemplate":"https:\/\/rpsgrouprealestate.com\/?s={search_term_string}"},"query-input":{"@type":"PropertyValueSpecification","valueRequired":true,"valueName":"search_term_string"}}],"inLanguage":"en-US"},{"@type":"Organization","@id":"https:\/\/rpsgrouprealestate.com\/#organization","name":"RPS Group Real Estate","url":"https:\/\/rpsgrouprealestate.com\/","logo":{"@type":"ImageObject","inLanguage":"en-US","@id":"https:\/\/rpsgrouprealestate.com\/#\/schema\/logo\/image\/","url":"https:\/\/rpsgrouprealestate.com\/wp-content\/uploads\/2024\/03\/logo-RPS-120-1.png","contentUrl":"https:\/\/rpsgrouprealestate.com\/wp-content\/uploads\/2024\/03\/logo-RPS-120-1.png","width":120,"height":142,"caption":"RPS Group Real Estate"},"image":{"@id":"https:\/\/rpsgrouprealestate.com\/#\/schema\/logo\/image\/"},"sameAs":["https:\/\/www.facebook.com\/rpsgroupllc"]}]}},"_links":{"self":[{"href":"https:\/\/rpsgrouprealestate.com\/eng\/wp-json\/wp\/v2\/pages\/2114","targetHints":{"allow":["GET"]}}],"collection":[{"href":"https:\/\/rpsgrouprealestate.com\/eng\/wp-json\/wp\/v2\/pages"}],"about":[{"href":"https:\/\/rpsgrouprealestate.com\/eng\/wp-json\/wp\/v2\/types\/page"}],"author":[{"embeddable":true,"href":"https:\/\/rpsgrouprealestate.com\/eng\/wp-json\/wp\/v2\/users\/1"}],"replies":[{"embeddable":true,"href":"https:\/\/rpsgrouprealestate.com\/eng\/wp-json\/wp\/v2\/comments?post=2114"}],"version-history":[{"count":0,"href":"https:\/\/rpsgrouprealestate.com\/eng\/wp-json\/wp\/v2\/pages\/2114\/revisions"}],"wp:attachment":[{"href":"https:\/\/rpsgrouprealestate.com\/eng\/wp-json\/wp\/v2\/media?parent=2114"}],"curies":[{"name":"wp","href":"https:\/\/api.w.org\/{rel}","templated":true}]}}