{"id":10,"date":"2014-11-23T16:59:52","date_gmt":"2014-11-23T16:59:52","guid":{"rendered":"https:\/\/demo-rps.dosaldeas.com\/contact\/"},"modified":"2024-04-29T14:20:41","modified_gmt":"2024-04-29T19:20:41","slug":"contacto","status":"publish","type":"page","link":"https:\/\/rpsgrouprealestate.com\/eng\/contacto\/","title":{"rendered":"Contact Us"},"content":{"rendered":"<div class=\"grve-section\" data-section-title=\"\" data-section-type=\"fullwidth-background\" data-image-type=\"none\" data-full-height=\"no\"  style=\"margin-bottom: 80px;\"><div class=\"grve-row grve-bookmark\"><div class=\"wpb_column grve-column grve-bookmark grve-column-1\"><div class=\"grve-element grve-text\"><p><iframe loading=\"lazy\" style=\"border: 0;\" src=\"https:\/\/www.google.com\/maps\/embed?pb=!1m14!1m8!1m3!1d3592.0928046337585!2d-80.3277327!3d25.8005122!3m2!1i1024!2i768!4f13.1!3m3!1m2!1s0x88d9b97765d279fd%3A0x66b0e11273c873df!2s2822%20NW%2079th%20Ave%2C%20Doral%2C%20FL%2033122%2C%20EE.%20UU.!5e0!3m2!1ses!2sco!4v1711060632281!5m2!1ses!2sco\" width=\"1920\" height=\"450\" allowfullscreen=\"allowfullscreen\"><\/iframe><\/p>\n<\/div><\/div> <\/div><div class=\"grve-background-wrapper\"><\/div><\/div><div class=\"grve-section\" data-section-title=\"\" data-section-type=\"fullwidth-background\" data-image-type=\"none\" data-full-height=\"no\"><div class=\"grve-row grve-bookmark\"><div class=\"wpb_column grve-column grve-bookmark grve-column-1-3\"><div  class=\"wpb_widgetised_column wpb_content_element\">\n\t\t<div class=\"wpb_wrapper\">\n\t\t\t\n\t\t\t<div id=\"grve-widget-contact-info-2\" class=\"grve-widget widget grve-widget grve-contact-info\"><h5 class=\"grve-widget-title\">Contact Us<\/h5>\r\n\t\t<ul>\r\n\r\n\t\t<li class=\"grve-address\">2822 NW 79th Ave, Doral, FL 33122<\/li><li class=\"grve-phone\">+13055827320<\/li><li class=\"grve-email\"><a href=\"mailto:i&#110;fo&#64;&#114;p&#115;gro&#117;p&#114;e&#97;l&#101;state.&#99;&#111;m\">&#105;&#110;&#102;o&#64;&#114;p&#115;gro&#117;&#112;r&#101;&#97;&#108;est&#97;&#116;&#101;.c&#111;&#109;<\/a><\/li><li class=\"grve-web\"><a href=\"https:\/\/rpsgrouprealestate.com\/eng\/\" target=\"_blank\" rel=\"noopener noreferrer\">www.rpsgrouprealestate.com<\/a><\/li>\t\t<\/ul>\r\n\r\n\r\n\t\t<\/div>\n\t\t<\/div>\n\t<\/div>\n<\/div><div class=\"wpb_column grve-column grve-bookmark grve-column-2-3\"><style id=\"wpforms-css-vars-2127\">\n\t\t\t\t#wpforms-2127 {\n\t\t\t\t\n\t\t\t}\n\t\t\t<\/style><div class=\"wpforms-container wpforms-container-full wpforms-render-modern\" id=\"wpforms-2127\"><form id=\"wpforms-form-2127\" class=\"wpforms-validate wpforms-form wpforms-ajax-form\" data-formid=\"2127\" method=\"post\" enctype=\"multipart\/form-data\" action=\"\/eng\/wp-json\/wp\/v2\/pages\/10\" data-token=\"6e96addac0c997ef40735571ff526733\" data-token-time=\"1776498267\" data-trp-original-action=\"\/eng\/wp-json\/wp\/v2\/pages\/10\"><noscript class=\"wpforms-error-noscript\">Please enable JavaScript in your browser to complete this form.<\/noscript><div id=\"wpforms-error-noscript\" style=\"display: none;\">Please enable JavaScript in your browser to complete this form.<\/div><div class=\"wpforms-field-container\"><div id=\"wpforms-2127-field_1-container\" class=\"wpforms-field wpforms-field-name\" data-field-id=\"1\"><label class=\"wpforms-field-label\" for=\"wpforms-2127-field_1\">Name <span class=\"wpforms-required-label\" aria-hidden=\"true\">*<\/span><\/label><input type=\"text\" id=\"wpforms-2127-field_1\" class=\"wpforms-field-large wpforms-field-required\" name=\"wpforms[fields][1]\" placeholder=\"Your Name\" aria-errormessage=\"wpforms-2127-field_1-error\" required><\/div><div id=\"wpforms-2127-field_2-container\" class=\"wpforms-field wpforms-field-email\" data-field-id=\"2\"><label class=\"wpforms-field-label\" for=\"wpforms-2127-field_2\">Email <span class=\"wpforms-required-label\" aria-hidden=\"true\">*<\/span><\/label><input type=\"email\" id=\"wpforms-2127-field_2\" class=\"wpforms-field-large wpforms-field-required\" name=\"wpforms[fields][2]\" placeholder=\"Your email\" spellcheck=\"false\" aria-errormessage=\"wpforms-2127-field_2-error\" required><\/div><div id=\"wpforms-2127-field_5-container\" class=\"wpforms-field wpforms-field-textarea\" data-field-id=\"5\"><label class=\"wpforms-field-label\" for=\"wpforms-2127-field_5\">Your message <span class=\"wpforms-required-label\" aria-hidden=\"true\">*<\/span><\/label><textarea id=\"wpforms-2127-field_5\" class=\"wpforms-field-large wpforms-field-required\" name=\"wpforms[fields][5]\" placeholder=\"How can we help you?\" aria-errormessage=\"wpforms-2127-field_5-error\" required><\/textarea><\/div><div id=\"wpforms-2127-field_6-container\" class=\"wpforms-field wpforms-field-checkbox\" data-field-id=\"6\"><fieldset><legend class=\"wpforms-field-label\"><\/legend><ul id=\"wpforms-2127-field_6\"><li class=\"choice-1 depth-1 wpforms-selected\"><input type=\"checkbox\" id=\"wpforms-2127-field_6_1\" name=\"wpforms[fields][6][]\" value=\"Acepto las pol\u00edticas y t\u00e9rminos de privacidad\" aria-errormessage=\"wpforms-2127-field_6_1-error\" aria-describedby=\"wpforms-2127-field_6-description\"   checked='checked'><label class=\"wpforms-field-label-inline\" for=\"wpforms-2127-field_6_1\">I accept the private policy terms<\/label><\/li><\/ul><div id=\"wpforms-2127-field_6-description\" class=\"wpforms-field-description\">&nbsp;&nbsp;&nbsp;&nbsp;&nbsp;&nbsp;&nbsp;<a href=\"https:\/\/rpsgrouprealestate.com\/eng\/terminos-y-condiciones-de-uso-y-politicas-de-privacidad\/\"target=\"blank\"\">Policies and Terms<\/a> <\/div><\/fieldset><\/div><\/div><!-- .wpforms-field-container --><div class=\"wpforms-recaptcha-container wpforms-is-recaptcha wpforms-is-recaptcha-type-v2\" ><div class=\"g-recaptcha\" data-sitekey=\"6LeQ5bQpAAAAAL4hwEapGJF6dw4S_w8RVoOkHY2e\"><\/div><input type=\"text\" name=\"g-recaptcha-hidden\" class=\"wpforms-recaptcha-hidden\" style=\"position:absolute!important;clip:rect(0,0,0,0)!important;height:1px!important;width:1px!important;border:0!important;overflow:hidden!important;padding:0!important;margin:0!important;\" data-rule-recaptcha=\"1\"><\/div><div class=\"wpforms-submit-container\" ><input type=\"hidden\" name=\"wpforms[id]\" value=\"2127\"><input type=\"hidden\" name=\"page_title\" value=\"\"><input type=\"hidden\" name=\"page_url\" value=\"https:\/\/rpsgrouprealestate.com\/eng\/wp-json\/wp\/v2\/pages\/10\"><input type=\"hidden\" name=\"url_referer\" value=\"\"><button type=\"submit\" name=\"wpforms[submit]\" id=\"wpforms-submit-2127\" class=\"wpforms-submit\" data-alt-text=\"Enviando...\" data-submit-text=\"Enviar\" aria-live=\"assertive\" value=\"wpforms-submit\">Submit<\/button><img loading=\"lazy\" decoding=\"async\" src=\"https:\/\/rpsgrouprealestate.com\/wp-content\/plugins\/wpforms-lite\/assets\/images\/submit-spin.svg\" class=\"wpforms-submit-spinner\" style=\"display: none;\" width=\"26\" height=\"26\" alt=\"Loading\"><\/div><input type=\"hidden\" name=\"trp-form-language\" value=\"eng\"\/><\/form><\/div>  <!-- .wpforms-container --><\/div> <\/div><div class=\"grve-background-wrapper\"><\/div><\/div><div class=\"grve-section\" data-section-title=\"\" data-section-type=\"fullwidth-background\" data-image-type=\"none\" data-full-height=\"no\"><div class=\"grve-row grve-bookmark\"><div class=\"wpb_column grve-column grve-bookmark grve-column-1\"><\/div> <\/div><div class=\"grve-background-wrapper\"><\/div><\/div>","protected":false},"excerpt":{"rendered":"Detalles de Contacto 2822 NW 79th Ave, Doral, FL 33122+13055827320&#105;&#110;&#102;o&#64;rps&#103;ro&#117;pr&#101;a&#108;&#101;s&#116;&#97;&#116;e&#46;c&#111;&#109;www.rpsgrouprealestate.com Please enable JavaScript in your browser to complete this form.Please enable JavaScript in your browser to complete this form.Nombre *Correo electr\u00f3nico *Tu mensaje *Acepto las pol\u00edticas y t\u00e9rminos de privacidad&nbsp;&nbsp;&nbsp;&nbsp;&nbsp;&nbsp;&nbsp;","protected":false},"author":1,"featured_media":0,"parent":0,"menu_order":0,"comment_status":"open","ping_status":"closed","template":"","meta":{"_joinchat":[],"footnotes":""},"class_list":["post-10","page","type-page","status-publish","hentry"],"yoast_head":"<!-- This site is optimized with the Yoast SEO plugin v26.1.1 - https:\/\/yoast.com\/wordpress\/plugins\/seo\/ -->\n<title>Contacto - RPS Group Real Estate<\/title>\n<meta name=\"description\" content=\"Con RPS Group Real Estate descubre el destino perfecto para tu inversi\u00f3n inmobiliaria con nosotros. Cont\u00e1ctanos.\" \/>\n<meta name=\"robots\" content=\"noindex, follow, max-snippet:-1, max-image-preview:large, max-video-preview:-1\" \/>\n<meta property=\"og:locale\" content=\"en_US\" \/>\n<meta property=\"og:type\" content=\"article\" \/>\n<meta property=\"og:title\" content=\"Contacto - RPS Group Real Estate\" \/>\n<meta property=\"og:description\" content=\"Con RPS Group Real Estate descubre el destino perfecto para tu inversi\u00f3n inmobiliaria con nosotros. Cont\u00e1ctanos.\" \/>\n<meta property=\"og:url\" content=\"https:\/\/rpsgrouprealestate.com\/eng\/contacto\/\" \/>\n<meta property=\"og:site_name\" content=\"RPS Group Real Estate\" \/>\n<meta property=\"article:publisher\" content=\"https:\/\/www.facebook.com\/rpsgroupllc\" \/>\n<meta property=\"article:modified_time\" content=\"2024-04-29T19:20:41+00:00\" \/>\n<meta name=\"twitter:card\" content=\"summary_large_image\" \/>\n<meta name=\"twitter:label1\" content=\"Est. reading time\" \/>\n\t<meta name=\"twitter:data1\" content=\"1 minute\" \/>\n<script type=\"application\/ld+json\" class=\"yoast-schema-graph\">{\"@context\":\"https:\/\/schema.org\",\"@graph\":[{\"@type\":\"WebPage\",\"@id\":\"https:\/\/rpsgrouprealestate.com\/contacto\/\",\"url\":\"https:\/\/rpsgrouprealestate.com\/contacto\/\",\"name\":\"Contacto - RPS Group Real Estate\",\"isPartOf\":{\"@id\":\"https:\/\/rpsgrouprealestate.com\/#website\"},\"datePublished\":\"2014-11-23T16:59:52+00:00\",\"dateModified\":\"2024-04-29T19:20:41+00:00\",\"description\":\"Con RPS Group Real Estate descubre el destino perfecto para tu inversi\u00f3n inmobiliaria con nosotros. Cont\u00e1ctanos.\",\"breadcrumb\":{\"@id\":\"https:\/\/rpsgrouprealestate.com\/contacto\/#breadcrumb\"},\"inLanguage\":\"en-US\",\"potentialAction\":[{\"@type\":\"ReadAction\",\"target\":[\"https:\/\/rpsgrouprealestate.com\/contacto\/\"]}]},{\"@type\":\"BreadcrumbList\",\"@id\":\"https:\/\/rpsgrouprealestate.com\/contacto\/#breadcrumb\",\"itemListElement\":[{\"@type\":\"ListItem\",\"position\":1,\"name\":\"Inicio\",\"item\":\"https:\/\/rpsgrouprealestate.com\/\"},{\"@type\":\"ListItem\",\"position\":2,\"name\":\"Contacto\"}]},{\"@type\":\"WebSite\",\"@id\":\"https:\/\/rpsgrouprealestate.com\/#website\",\"url\":\"https:\/\/rpsgrouprealestate.com\/\",\"name\":\"RPS Group Real Estate\",\"description\":\"\",\"publisher\":{\"@id\":\"https:\/\/rpsgrouprealestate.com\/#organization\"},\"potentialAction\":[{\"@type\":\"SearchAction\",\"target\":{\"@type\":\"EntryPoint\",\"urlTemplate\":\"https:\/\/rpsgrouprealestate.com\/?s={search_term_string}\"},\"query-input\":{\"@type\":\"PropertyValueSpecification\",\"valueRequired\":true,\"valueName\":\"search_term_string\"}}],\"inLanguage\":\"en-US\"},{\"@type\":\"Organization\",\"@id\":\"https:\/\/rpsgrouprealestate.com\/#organization\",\"name\":\"RPS Group Real Estate\",\"url\":\"https:\/\/rpsgrouprealestate.com\/\",\"logo\":{\"@type\":\"ImageObject\",\"inLanguage\":\"en-US\",\"@id\":\"https:\/\/rpsgrouprealestate.com\/#\/schema\/logo\/image\/\",\"url\":\"https:\/\/rpsgrouprealestate.com\/wp-content\/uploads\/2024\/03\/logo-RPS-120-1.png\",\"contentUrl\":\"https:\/\/rpsgrouprealestate.com\/wp-content\/uploads\/2024\/03\/logo-RPS-120-1.png\",\"width\":120,\"height\":142,\"caption\":\"RPS Group Real Estate\"},\"image\":{\"@id\":\"https:\/\/rpsgrouprealestate.com\/#\/schema\/logo\/image\/\"},\"sameAs\":[\"https:\/\/www.facebook.com\/rpsgroupllc\"]}]}<\/script>\n<!-- \/ Yoast SEO plugin. -->","yoast_head_json":{"title":"Contacto - RPS Group Real Estate","description":"Con RPS Group Real Estate descubre el destino perfecto para tu inversi\u00f3n inmobiliaria con nosotros. Cont\u00e1ctanos.","robots":{"index":"noindex","follow":"follow","max-snippet":"max-snippet:-1","max-image-preview":"max-image-preview:large","max-video-preview":"max-video-preview:-1"},"og_locale":"en_US","og_type":"article","og_title":"Contacto - RPS Group Real Estate","og_description":"Con RPS Group Real Estate descubre el destino perfecto para tu inversi\u00f3n inmobiliaria con nosotros. Cont\u00e1ctanos.","og_url":"https:\/\/rpsgrouprealestate.com\/eng\/contacto\/","og_site_name":"RPS Group Real Estate","article_publisher":"https:\/\/www.facebook.com\/rpsgroupllc","article_modified_time":"2024-04-29T19:20:41+00:00","twitter_card":"summary_large_image","twitter_misc":{"Est. reading time":"1 minute"},"schema":{"@context":"https:\/\/schema.org","@graph":[{"@type":"WebPage","@id":"https:\/\/rpsgrouprealestate.com\/contacto\/","url":"https:\/\/rpsgrouprealestate.com\/contacto\/","name":"Contacto - RPS Group Real Estate","isPartOf":{"@id":"https:\/\/rpsgrouprealestate.com\/#website"},"datePublished":"2014-11-23T16:59:52+00:00","dateModified":"2024-04-29T19:20:41+00:00","description":"Con RPS Group Real Estate descubre el destino perfecto para tu inversi\u00f3n inmobiliaria con nosotros. Cont\u00e1ctanos.","breadcrumb":{"@id":"https:\/\/rpsgrouprealestate.com\/contacto\/#breadcrumb"},"inLanguage":"en-US","potentialAction":[{"@type":"ReadAction","target":["https:\/\/rpsgrouprealestate.com\/contacto\/"]}]},{"@type":"BreadcrumbList","@id":"https:\/\/rpsgrouprealestate.com\/contacto\/#breadcrumb","itemListElement":[{"@type":"ListItem","position":1,"name":"Inicio","item":"https:\/\/rpsgrouprealestate.com\/"},{"@type":"ListItem","position":2,"name":"Contacto"}]},{"@type":"WebSite","@id":"https:\/\/rpsgrouprealestate.com\/#website","url":"https:\/\/rpsgrouprealestate.com\/","name":"RPS Group Real Estate","description":"","publisher":{"@id":"https:\/\/rpsgrouprealestate.com\/#organization"},"potentialAction":[{"@type":"SearchAction","target":{"@type":"EntryPoint","urlTemplate":"https:\/\/rpsgrouprealestate.com\/?s={search_term_string}"},"query-input":{"@type":"PropertyValueSpecification","valueRequired":true,"valueName":"search_term_string"}}],"inLanguage":"en-US"},{"@type":"Organization","@id":"https:\/\/rpsgrouprealestate.com\/#organization","name":"RPS Group Real Estate","url":"https:\/\/rpsgrouprealestate.com\/","logo":{"@type":"ImageObject","inLanguage":"en-US","@id":"https:\/\/rpsgrouprealestate.com\/#\/schema\/logo\/image\/","url":"https:\/\/rpsgrouprealestate.com\/wp-content\/uploads\/2024\/03\/logo-RPS-120-1.png","contentUrl":"https:\/\/rpsgrouprealestate.com\/wp-content\/uploads\/2024\/03\/logo-RPS-120-1.png","width":120,"height":142,"caption":"RPS Group Real Estate"},"image":{"@id":"https:\/\/rpsgrouprealestate.com\/#\/schema\/logo\/image\/"},"sameAs":["https:\/\/www.facebook.com\/rpsgroupllc"]}]}},"_links":{"self":[{"href":"https:\/\/rpsgrouprealestate.com\/eng\/wp-json\/wp\/v2\/pages\/10","targetHints":{"allow":["GET"]}}],"collection":[{"href":"https:\/\/rpsgrouprealestate.com\/eng\/wp-json\/wp\/v2\/pages"}],"about":[{"href":"https:\/\/rpsgrouprealestate.com\/eng\/wp-json\/wp\/v2\/types\/page"}],"author":[{"embeddable":true,"href":"https:\/\/rpsgrouprealestate.com\/eng\/wp-json\/wp\/v2\/users\/1"}],"replies":[{"embeddable":true,"href":"https:\/\/rpsgrouprealestate.com\/eng\/wp-json\/wp\/v2\/comments?post=10"}],"version-history":[{"count":0,"href":"https:\/\/rpsgrouprealestate.com\/eng\/wp-json\/wp\/v2\/pages\/10\/revisions"}],"wp:attachment":[{"href":"https:\/\/rpsgrouprealestate.com\/eng\/wp-json\/wp\/v2\/media?parent=10"}],"curies":[{"name":"wp","href":"https:\/\/api.w.org\/{rel}","templated":true}]}}